{"id":360951,"date":"2025-04-17T20:17:01","date_gmt":"2025-04-18T00:17:01","guid":{"rendered":"https:\/\/francoise-lombard.com\/?page_id=360951"},"modified":"2025-11-05T16:46:17","modified_gmt":"2025-11-05T20:46:17","slug":"eurhythmics","status":"publish","type":"page","link":"https:\/\/francoise-lombard.com\/en\/eurhythmics\/","title":{"rendered":"Eurhythmics"},"content":{"rendered":"<p>[et_pb_section fb_built=&#8221;1&#8243; _builder_version=&#8221;4.27.4&#8243; _module_preset=&#8221;default&#8221; global_colors_info=&#8221;{}&#8221;][et_pb_row _builder_version=&#8221;4.27.4&#8243; _module_preset=&#8221;default&#8221; global_colors_info=&#8221;{}&#8221;][et_pb_column type=&#8221;4_4&#8243; _builder_version=&#8221;4.27.4&#8243; _module_preset=&#8221;default&#8221; global_colors_info=&#8221;{}&#8221;][et_pb_text _builder_version=&#8221;4.27.4&#8243; _module_preset=&#8221;default&#8221; hover_enabled=&#8221;0&#8243; global_colors_info=&#8221;{}&#8221; sticky_enabled=&#8221;0&#8243;]<\/p>\n<h2><span style=\"color: #000000;\">Dalcroze Eurhythmics: an Evolving Pedagogy<\/span><\/h2>\n<p><span style=\"color: #000000;\">&#8220;<em>[&#8230;] Rhythmics has set itself the goal of establishing an efficient and unimpeded communication circuit between [the body and the mind], [&#8230;] it must be considered as a means to establish such links.<\/em> &#8221;\u00a0 <\/span><span style=\"color: #000000;\">(Bachmann, 1984, p.30)<\/span><\/p>\n<p><span style=\"color: #000000;\">Jaques-Dalcroze was a man of relationship. Gifted with great musical and creative talents, he let himself be guided by his intuition, and by a freedom of spirit whose radiance has already surpassed more than a century, for our greater benefit.<\/span><\/p>\n<p><span style=\"color: #000000;\">I owe him personally for having enlightened my childhood and my youth through his songs that my mother, his pupil, sang to us at home, and during the weekly rhythmics classes that I particularly loved. He has sown in me the taste of the freedom to be, to think and to express myself.<\/span><\/p>\n<p><span style=\"color: #000000;\">Since his death in 1950, scientific research has made great strides in affective neuroscience, neuropsychology, bioacoustics, psychology and other areas related to human learning. In a complementary training, I sought to explore the question of quality in listening, because this one thing precisely constitutes an important element of direct communication and an integration of learnings in general.<\/span><\/p>\n<p><span style=\"color: #000000;\"><strong>LISTENING TO THE VOICE TO FEEL AND LIVE MUSIC IN THE BODY<\/strong><\/span><\/p>\n<p><span style=\"color: #000000;\">Jaques-Dalcroze said: &#8220;<em>&#8230; [rhythmics] seeks to reveal us to ourselves, to say: I know and I think, because I feel and I experience.<\/em> (Bachmann, 1984, p.61)<\/span><\/p>\n<p><span style=\"color: #000000;\">He was already highlighting the importance of the proprioceptive approach, the ability to feel what is happening in us. While it is true that through muscular sensation, body movement fosters a certain level of listening and body awareness, it is the more subtle movements that put us in close contact with our sensitivity and our inner being.<\/span><\/p>\n<p><span style=\"color: #000000;\">For example: in a group, if I make a sound and I ask the participants to join me on this sound by extending it in unison, what happens?<br \/><\/span><br \/><span style=\"color: #000000;\">&#8211; I experience a feeling of vibration reinforced by the sounds of others;<br \/><\/span><br \/><span style=\"color: #000000;\">&#8211; I have a feeling of volume in my body. It feels three-dimensional;<br \/><\/span><br \/><span style=\"color: #000000;\">&#8211; I feel the voices of the others vibrating within me;<br \/><\/span><br \/><span style=\"color: #000000;\">&#8211; I feel part of the group;<br \/><\/span><br \/><span style=\"color: #000000;\">&#8211; I feel all the space around me;<br \/><\/span><br \/><span style=\"color: #000000;\">&#8211; I feel both the presence of the others and my own;<br \/><\/span><br \/><span style=\"color: #000000;\">&#8211; I feel inhabited by the music as it awakens emotions within me.<\/span><\/p>\n<p><span style=\"color: #000000;\">Our bodies reveal to us innumerable internal movement sensations when we are listening without outwardly moving. A soft sound that vibrates in the body, with closed mouth, can create a very intense sensation: the alternating movement of two sounds repeated several times slowly gives a sensation of physical space: the musical interval becomes a distance that is felt as a sensory reference. It is moving to feel the music exist in oneself, to feel that one is the music. These sensations are all the more perceptible as we give them conscious listening and attention. They are a source of pleasure and pleasure leads more easily to conceptual assimilation.<\/span><\/p>\n<p><span style=\"color: #000000;\">During oral dictation one day, a student told me that the inherent beauty of a sub-dominant chord created so many emotions in her that she found it difficult to continue singing. Another realized that naming the notes she was singing robbed her of the pleasure of the sound sensation. She needed to stay longer in this first step so that afterwards, the name of the notes were established more naturally and did not replace the pleasure of listening.<\/span><\/p>\n<p><span style=\"color: #000000;\"><strong>LISTENING TO BE IN RELATION<\/strong><\/span><\/p>\n<p><span style=\"color: #000000;\">&#8220;<em>The emotive sensation is the secret organizer of the mind-body relationship<\/em>&#8221; (Dolto, 2016)<\/span><\/p>\n<p><span style=\"color: #000000;\">Dalcroze was a man of heart, close to children and their emotions; some of his songs still touch today&#8217;s younger children with their universal feelings.<\/span><\/p>\n<p><span style=\"color: #000000;\">The enjoyment of group rhythmics classes and the happiness of connecting with music generate valuable experiences in themselves. But this does not prevent some people from experiencing anxiety when it comes to memorizing a musical phrase and then writing it: the fear of forgetting the previous sounds can block the ear, one\u2019s receptivity and one\u2019s memory. The same phenomenon also happens in memory exercises in rhythmics classes, as well as in improvisation.<\/span><\/p>\n<p><span style=\"color: #000000;\">Incredible progress has been made in methodology and didactics, in body vocabulary and in the links between movement and music, but there is often a lack of time or attention to acknowledge the person first before considering the results of his or her learning.<\/span><\/p>\n<p><span style=\"color: #000000;\">Feeling is a movement of the emotions. We are all sentient beings, but aren\u2019t we all exposed to the risk of being more concerned with the doing rather than with the being? On gaining knowledge and experience rather than presence? It is not a question of choosing between one or the other, but of living both through placing the quality of human relationships at the heart of our action. Having access to one&#8217;s own feelings and emotional momentum allows us to connect with the children or adults we teach. In return, the students respond to this openness by giving us their confidence, which in turn facilitates their learning and allows them to become more engaged.<\/span><\/p>\n<p><span style=\"color: #000000;\">The emotional dimension adds to the muscular sensations of the body in action, thus significantly enriching the experience of movement as conceived by Dalcroze. It gives us access to an even deeper and more profound experience, since it consciously includes the whole being in the experience.<br \/><\/span><br \/><span style=\"color: #000000;\">A rhythmics class is above all an experience of the body in motion. However, by using voice in movement exercises and emphasizing the sensation of vibration in solfege and harmony, one promotes a better integration of musical artistry, and a more comprehensive grounding in the body. It is a way of taking Dalcrozian language further.<\/span><\/p>\n<p><span style=\"color: #000000;\">Fran\u00e7oise Lombard, May 2018<br \/>Dalcroze dipl\u00f4me sup\u00e9rieur<br \/>The Art of Listening<\/span><br \/><span style=\"color: #000000;\">francoise-lombard.com<\/span><\/p>\n<p><span style=\"color: #000000;\">Thanks to Google and Sharon Dutton for the English translation and to Mary Brice for her work on the definitive version for publication.<\/span><\/p>\n<p><span style=\"text-decoration: underline;\"><span style=\"color: #000000; text-decoration: underline;\">References<\/span><\/span><br \/><span style=\"color: #000000;\">Bachmann, M.-L. (1984), La Rythmique Jaques-Dalcroze, Neuch\u00e2tel\u00a0: Les \u00e9ditions de la Baconni\u00e8re.<\/span><br \/><span style=\"color: #000000;\">Dolto, C. (2016, avril), conference at the \u00abUniversit\u00e9 du Qu\u00e9bec \u00e0 Montr\u00e9al\u00bb.<\/span><\/p>\n<p>[\/et_pb_text][\/et_pb_column][\/et_pb_row][\/et_pb_section]<\/p>\n","protected":false},"excerpt":{"rendered":"<p>Dalcroze Eurhythmics: an Evolving Pedagogy &#8220;[&#8230;] Rhythmics has set itself the goal of establishing an efficient and unimpeded communication circuit between [the body and the mind], [&#8230;] it must be considered as a means to establish such links. &#8221;\u00a0 (Bachmann, 1984, p.30) Jaques-Dalcroze was a man of relationship. Gifted with great musical and creative talents, [&hellip;]<\/p>\n","protected":false},"author":3454,"featured_media":0,"parent":0,"menu_order":0,"comment_status":"closed","ping_status":"closed","template":"","meta":{"_et_pb_use_builder":"on","_et_pb_old_content":"","_et_gb_content_width":"","footnotes":""},"class_list":["post-360951","page","type-page","status-publish","hentry"],"_links":{"self":[{"href":"https:\/\/francoise-lombard.com\/en\/wp-json\/wp\/v2\/pages\/360951","targetHints":{"allow":["GET"]}}],"collection":[{"href":"https:\/\/francoise-lombard.com\/en\/wp-json\/wp\/v2\/pages"}],"about":[{"href":"https:\/\/francoise-lombard.com\/en\/wp-json\/wp\/v2\/types\/page"}],"author":[{"embeddable":true,"href":"https:\/\/francoise-lombard.com\/en\/wp-json\/wp\/v2\/users\/3454"}],"replies":[{"embeddable":true,"href":"https:\/\/francoise-lombard.com\/en\/wp-json\/wp\/v2\/comments?post=360951"}],"version-history":[{"count":8,"href":"https:\/\/francoise-lombard.com\/en\/wp-json\/wp\/v2\/pages\/360951\/revisions"}],"predecessor-version":[{"id":361083,"href":"https:\/\/francoise-lombard.com\/en\/wp-json\/wp\/v2\/pages\/360951\/revisions\/361083"}],"wp:attachment":[{"href":"https:\/\/francoise-lombard.com\/en\/wp-json\/wp\/v2\/media?parent=360951"}],"curies":[{"name":"wp","href":"https:\/\/api.w.org\/{rel}","templated":true}]}}