{"id":360614,"date":"2024-12-04T20:26:30","date_gmt":"2024-12-05T00:26:30","guid":{"rendered":"https:\/\/francoise-lombard.com\/?page_id=360614"},"modified":"2024-12-30T14:53:48","modified_gmt":"2024-12-30T18:53:48","slug":"conditions","status":"publish","type":"page","link":"https:\/\/francoise-lombard.com\/en\/conditions\/","title":{"rendered":"Conditions"},"content":{"rendered":"<p>[et_pb_section fb_built=&#8221;1&#8243; _builder_version=&#8221;4.24.0&#8243; _module_preset=&#8221;default&#8221; custom_margin=&#8221;||-28px|||&#8221; custom_padding=&#8221;7px||96px|||&#8221; global_colors_info=&#8221;{}&#8221;][et_pb_row _builder_version=&#8221;4.27.3&#8243; _module_preset=&#8221;default&#8221; custom_padding=&#8221;||3px|||&#8221; global_colors_info=&#8221;{}&#8221;][et_pb_column type=&#8221;4_4&#8243; _builder_version=&#8221;4.27.3&#8243; _module_preset=&#8221;default&#8221; global_colors_info=&#8221;{}&#8221;][et_pb_text _builder_version=&#8221;4.27.4&#8243; _module_preset=&#8221;default&#8221; global_colors_info=&#8221;{}&#8221;]<\/p>\n<h2 style=\"text-align: center;\">Politique de confidentialit\u00e9<\/h2>\n<p>[\/et_pb_text][et_pb_text _builder_version=&#8221;4.27.4&#8243; _module_preset=&#8221;default&#8221; global_colors_info=&#8221;{}&#8221;]<\/p>\n<p><b>Politique de confidentialit\u00e9<\/b><b><br \/><\/b><b>Francoise-lombard.com<\/b><b><br \/><\/b><span style=\"font-weight: 400;\">(op\u00e9r\u00e9 par <\/span><b>Les Productions Stareyes<\/b><span style=\"font-weight: 400;\">)<\/span><\/p>\n<p><b>Pourquoi cette politique?<\/b><b><br \/><\/b><span style=\"font-weight: 400;\">Parce que <\/span><b>francoise-lombard.com<\/b><span style=\"font-weight: 400;\">, op\u00e9r\u00e9 par <\/span><b>Les Productions Stareyes<\/b><span style=\"font-weight: 400;\">, s\u2019engage \u00e0 la protection de vos renseignements personnels dans le cadre de la relation que nous entretenons avec vous. Cette politique de confidentialit\u00e9 d\u00e9crit quels renseignements nous recueillons, comment, pourquoi et comment nous les partageons.<\/span><span style=\"font-weight: 400;\"><br \/><\/span><span style=\"font-weight: 400;\">Un \u00ab renseignement personnel \u00bb est un renseignement concernant un individu identifiable.<\/span><span style=\"font-weight: 400;\"><br \/><\/span><span style=\"font-weight: 400;\">Veuillez lire cette politique de confidentialit\u00e9 attentivement afin de comprendre comment nous traiterons vos renseignements, avant de nous les fournir.<\/span><\/p>\n<p><b>Qui sommes-nous?<\/b><b><br \/><\/b><span style=\"font-weight: 400;\">Le site web <\/span><b>francoise-lombard.com<\/b><span style=\"font-weight: 400;\"> est administr\u00e9 par <\/span><b>Les Productions Stareyes, <\/b><span style=\"font-weight: 400;\">une soci\u00e9t\u00e9 ax\u00e9e sur l\u2019\u00e9ducation, la relation humaine, la p\u00e9dagogie musicale et l\u2019\u00e9coute, au moyen de cr\u00e9ations musicales et audiovisuelles. Toutes les donn\u00e9es recueillies sur ce site sont g\u00e9r\u00e9es en conformit\u00e9 avec les normes de confidentialit\u00e9 \u00e9tablies par <\/span><b>Les Productions Stareyes<\/b><span style=\"font-weight: 400;\">.<\/span><\/p>\n<p><b>Quels renseignements recueillons-nous et comment?<\/b><b><br \/><\/b><span style=\"font-weight: 400;\">Pour faire fonctionner notre site web, nous recueillons vos renseignements personnels automatiquement. Pour vous fournir nos services, nous recueillons vos renseignements avec votre consentement.<\/span><span style=\"font-weight: 400;\"><br \/><\/span><span style=\"font-weight: 400;\">Voici comment :<\/span><span style=\"font-weight: 400;\"><br \/><\/span><span style=\"font-weight: 400;\">Les renseignements que nous recueillons automatiquement sont ceux n\u00e9cessaires au fonctionnement de notre site, incluant :<\/span><\/p>\n<ul>\n<li style=\"font-weight: 400;\" aria-level=\"1\"><span style=\"font-weight: 400;\">Les identifications des appareils que vous utilisez pour acc\u00e9der \u00e0 notre site web, incluant l\u2019adresse MAC, l\u2019adresse IP, le type et la version de fureteur, le fuseau horaire, le type et la version des extensions du fureteur, les syst\u00e8mes d\u2019exploitation et la plateforme, les d\u00e9tails de configuration de l\u2019appareil, le type d\u2019appareil et ses identifiants.<\/span><\/li>\n<li style=\"font-weight: 400;\" aria-level=\"1\"><span style=\"font-weight: 400;\">Les pages et listes que vous avez consult\u00e9es et recherch\u00e9es, le temps de r\u00e9ponse de ces pages, les erreurs de t\u00e9l\u00e9chargement, la dur\u00e9e des visites \u00e0 certaines pages, l\u2019interaction avec la page comme le d\u00e9filement, les clics de souris, les survols de souris et les m\u00e9thodes utilis\u00e9es pour naviguer hors de la page.<\/span><\/li>\n<\/ul>\n<p><span style=\"font-weight: 400;\">Nous utilisons des t\u00e9moins (\u2018cookies\u2019) afin de recueillir ces renseignements. Vous pouvez refuser les t\u00e9moins en ajustant les param\u00e8tres de votre appareil, mais cela peut limiter certaines fonctionnalit\u00e9s du site.<\/span><\/p>\n<p><span style=\"font-weight: 400;\">Les renseignements que nous recueillons avec votre consentement incluent votre nom, adresse courriel, renseignements de carte de cr\u00e9dit, cat\u00e9gorie d\u2019\u00e2ge (pour ajuster nos services et obtenir le consentement parental si n\u00e9cessaire), ainsi que toute information partag\u00e9e dans vos communications avec nous.<\/span><\/p>\n<p><b>Pourquoi recueillons-nous vos renseignements?<\/b><b><br \/><\/b><span style=\"font-weight: 400;\">Nous recueillons vos renseignements pour :<\/span><\/p>\n<ul>\n<li style=\"font-weight: 400;\" aria-level=\"1\"><span style=\"font-weight: 400;\">Fournir nos services.<\/span><\/li>\n<li style=\"font-weight: 400;\" aria-level=\"1\"><span style=\"font-weight: 400;\">Faire fonctionner et am\u00e9liorer notre site web.<\/span><\/li>\n<li style=\"font-weight: 400;\" aria-level=\"1\"><span style=\"font-weight: 400;\">G\u00e9rer votre acc\u00e8s et consigner vos pr\u00e9f\u00e9rences.<\/span><\/li>\n<li style=\"font-weight: 400;\" aria-level=\"1\"><span style=\"font-weight: 400;\">Vous envoyer des avis concernant votre compte ou nos services.<\/span><\/li>\n<li style=\"font-weight: 400;\" aria-level=\"1\"><span style=\"font-weight: 400;\">Respecter vos choix et maintenir la s\u00e9curit\u00e9 de notre site.<\/span><\/li>\n<\/ul>\n<p><b>Comment partageons-nous vos renseignements?<\/b><b><br \/><\/b><span style=\"font-weight: 400;\">Vos renseignements sont partag\u00e9s uniquement avec nos partenaires n\u00e9cessaires pour traiter vos demandes et fournir nos services. Nous nous assurons qu\u2019ils prot\u00e8gent vos donn\u00e9es selon nos normes strictes.<\/span><\/p>\n<p><b>Comment prot\u00e9geons-nous vos renseignements?<\/b><b><br \/><\/b><span style=\"font-weight: 400;\">Nous utilisons des mesures physiques, technologiques et administratives pour s\u00e9curiser vos informations. Toutefois, la transmission de donn\u00e9es via Internet comporte des risques inh\u00e9rents.<\/span><\/p>\n<p><b>Avez-vous moins de 14 ans?<\/b><b><br \/><\/b><span style=\"font-weight: 400;\">Si oui, vos parents doivent ouvrir votre compte et demander nos services.<\/span><\/p>\n<p><b>Acc\u00e8s \u00e0 vos renseignements personnels<\/b><b><br \/><\/b><span style=\"font-weight: 400;\">Vous pouvez demander l\u2019acc\u00e8s \u00e0 vos renseignements ou nous contacter pour toute question relative \u00e0 la vie priv\u00e9e \u00e0 l\u2019adresse : <\/span><a href=\"mailto:info@stareyesmusiceducation.com\"><b>info@stareyesmusiceducation.com<\/b><\/a><\/p>\n<p>[\/et_pb_text][\/et_pb_column][\/et_pb_row][\/et_pb_section][et_pb_section fb_built=&#8221;1&#8243; _builder_version=&#8221;4.27.0&#8243; _module_preset=&#8221;default&#8221; background_image=&#8221;https:\/\/francoise-lombard.com\/wp-content\/uploads\/2024\/09\/francoise-lombard_FOOTER_1.png&#8221; min_height=&#8221;556.8px&#8221; custom_padding=&#8221;||202px|||&#8221; global_colors_info=&#8221;{}&#8221;][\/et_pb_section][et_pb_section fb_built=&#8221;1&#8243; admin_label=&#8221;Footer&#8221; _builder_version=&#8221;4.24.0&#8243; background_color=&#8221;#000000&#8243; use_background_color_gradient=&#8221;on&#8221; background_color_gradient_stops=&#8221;#000000 0%|#24246b 100%&#8221; background_color_gradient_overlays_image=&#8221;on&#8221; background_enable_image=&#8221;off&#8221; min_height=&#8221;543.7px&#8221; custom_margin=&#8221;-18px|||||&#8221; custom_padding=&#8221;77px||77px||true|false&#8221; global_colors_info=&#8221;{}&#8221;][et_pb_row column_structure=&#8221;1_2,1_2&#8243; _builder_version=&#8221;4.27.4&#8243; _module_preset=&#8221;default&#8221; global_module=&#8221;360538&#8243; saved_tabs=&#8221;all&#8221; global_colors_info=&#8221;{}&#8221;][et_pb_column type=&#8221;1_2&#8243; _builder_version=&#8221;4.27.4&#8243; _module_preset=&#8221;default&#8221; global_colors_info=&#8221;{}&#8221;][et_pb_text _builder_version=&#8221;4.27.4&#8243; _module_preset=&#8221;default&#8221; text_text_color=&#8221;#E09900&#8243; header_text_color=&#8221;#E09900&#8243; background_layout=&#8221;dark&#8221; global_colors_info=&#8221;{}&#8221;]<\/p>\n<h4><span style=\"color: #ffffff;\"><a href=\"https:\/\/francoise-lombard.com\/\" style=\"color: #ffffff;\">Accueil<\/a><\/span><\/h4>\n<h4><span style=\"color: #ffffff;\"><a href=\"https:\/\/francoise-lombard.com\/a-propos\/\" style=\"color: #ffffff;\">\u00c0 propos<\/a><\/span><\/h4>\n<h4><a href=\"https:\/\/francoise-lombard.com\/librairie-audio\/\"><span style=\"color: #ffffff;\">Librairie audio<\/span><\/a><\/h4>\n<h4><span style=\"color: #ffffff;\"><a href=\"https:\/\/francoise-lombard.com\/materiel-pedagogique\/\" style=\"color: #ffffff;\">Mat\u00e9riel p\u00e9dagogique<\/a><\/span><\/h4>\n<h4><span style=\"color: #ffffff;\"><a href=\"https:\/\/francoise-lombard.com\/formation-avancee-2\/\" style=\"color: #ffffff;\">Formation avanc\u00e9e<\/a><\/span><\/h4>\n<h4><a href=\"https:\/\/francoise-lombard.com\/osteophonie-fr\/\"><span style=\"color: #ffffff;\">Ost\u00e9ophonie<\/span><\/a><\/h4>\n<h4><span style=\"color: #ffffff;\"><a href=\"https:\/\/francoise-lombard.com\/356092-2\/\" style=\"color: #ffffff;\">Foire aux questions<\/a><\/span><\/h4>\n<h4><span style=\"color: #ffffff;\"><a href=\"https:\/\/francoise-lombard.com\/conditions\/\" style=\"color: #ffffff;\">Informations l\u00e9gales<\/a><\/span><\/h4>\n<h4><span style=\"color: #ffffff;\"><\/span><\/h4>\n<h4><span style=\"color: #ffffff;\"><\/span><\/h4>\n<h4 style=\"text-align: left;\"><span style=\"color: #ffffff;\">Suivez-nous<\/span><\/h4>\n<h4 style=\"text-align: left;\"><span style=\"color: #ffffff;\"><a href=\"https:\/\/www.facebook.com\/francoise.lombard.music.education\" target=\"_blank\" rel=\"noopener\"><img loading=\"lazy\" decoding=\"async\" src=\"https:\/\/francoise-lombard.com\/wp-content\/uploads\/2024\/12\/facebook.png\" width=\"44\" height=\"44\" alt=\"\" class=\"wp-image-360213 alignnone size-full\" srcset=\"https:\/\/francoise-lombard.com\/wp-content\/uploads\/2024\/12\/facebook.png 183w, https:\/\/francoise-lombard.com\/wp-content\/uploads\/2024\/12\/facebook-150x150.png 150w\" sizes=\"(max-width: 44px) 100vw, 44px\" \/><\/a><a href=\"https:\/\/www.instagram.com\/francoiselombard_official\/?igsh=N3RpNjB5bzFrenBr#\" target=\"_blank\" rel=\"noopener\"><img loading=\"lazy\" decoding=\"async\" src=\"https:\/\/francoise-lombard.com\/wp-content\/uploads\/2024\/12\/Gram.png\" width=\"45\" height=\"45\" alt=\"\" class=\"wp-image-360209 alignnone size-full\" srcset=\"https:\/\/francoise-lombard.com\/wp-content\/uploads\/2024\/12\/Gram.png 183w, https:\/\/francoise-lombard.com\/wp-content\/uploads\/2024\/12\/Gram-150x150.png 150w\" sizes=\"(max-width: 45px) 100vw, 45px\" \/><\/a><\/span><\/h4>\n<p>[\/et_pb_text][\/et_pb_column][et_pb_column type=&#8221;1_2&#8243; _builder_version=&#8221;4.27.4&#8243; _module_preset=&#8221;default&#8221; global_colors_info=&#8221;{}&#8221;][et_pb_blurb title=&#8221;Adresse &#8221; use_icon=&#8221;on&#8221; font_icon=&#8221;&#xe081;||divi||400&#8243; icon_color=&#8221;#ffffff&#8221; icon_placement=&#8221;left&#8221; content_max_width=&#8221;1100px&#8221; _builder_version=&#8221;4.27.2&#8243; header_font=&#8221;|800||on|||||&#8221; header_font_size=&#8221;16px&#8221; header_letter_spacing=&#8221;0.5px&#8221; header_line_height=&#8221;1.7em&#8221; body_font=&#8221;Open Sans||||||||&#8221; body_line_height=&#8221;2em&#8221; background_layout=&#8221;dark&#8221; locked=&#8221;off&#8221; global_colors_info=&#8221;{}&#8221;]<\/p>\n<p>5761 avenue Northmount, Montr\u00e9al, QC H3S 2H4 Canada<\/p>\n<p>[\/et_pb_blurb][et_pb_blurb title=&#8221;Courriel&#8221; url=&#8221;mailto:info@francoise-lombard.com&#8221; use_icon=&#8221;on&#8221; font_icon=&#8221;&#xe076;||divi||400&#8243; icon_color=&#8221;#ffffff&#8221; icon_placement=&#8221;left&#8221; content_max_width=&#8221;1100px&#8221; _builder_version=&#8221;4.27.4&#8243; header_font=&#8221;|800||on|||||&#8221; header_font_size=&#8221;16px&#8221; header_letter_spacing=&#8221;0.5px&#8221; header_line_height=&#8221;1.7em&#8221; body_font=&#8221;Open Sans||||||||&#8221; body_text_color=&#8221;#FFFFFF&#8221; body_line_height=&#8221;2em&#8221; background_layout=&#8221;dark&#8221; link_option_url=&#8221;mailto:info@francoise-lombard.com&#8221; locked=&#8221;off&#8221; global_colors_info=&#8221;{}&#8221;]<\/p>\n<p class=\"p1\"><span style=\"color: #ffffff;\"><a href=\"mailto:info@francoise-lombard.com\" style=\"color: #ffffff;\">info@francoise-lombard.com<\/a><\/span><\/p>\n<p>[\/et_pb_blurb][et_pb_blurb title=&#8221;Subscribe to the newsletter&#8221; use_icon=&#8221;on&#8221; font_icon=&#8221;&#xe010;||divi||400&#8243; icon_color=&#8221;#ffffff&#8221; icon_placement=&#8221;left&#8221; content_max_width=&#8221;1100px&#8221; _builder_version=&#8221;4.27.4&#8243; header_font=&#8221;|800||on|||||&#8221; header_font_size=&#8221;16px&#8221; header_letter_spacing=&#8221;0.5px&#8221; header_line_height=&#8221;1.7em&#8221; body_font=&#8221;Open Sans||||||||&#8221; body_text_color=&#8221;#FFFFFF&#8221; body_line_height=&#8221;2em&#8221; background_layout=&#8221;dark&#8221; locked=&#8221;off&#8221; global_colors_info=&#8221;{}&#8221;][\/et_pb_blurb][et_pb_code _builder_version=&#8221;4.27.4&#8243; _module_preset=&#8221;default&#8221; global_colors_info=&#8221;{}&#8221;]<\/p>\n<div id=\"mc_embed_shell\"><!-- [et_pb_line_break_holder] -->      <link href=\"\/\/cdn-images.mailchimp.com\/embedcode\/classic-061523.css\" rel=\"stylesheet\" type=\"text\/css\"><!-- [et_pb_line_break_holder] -->  <\/p>\n<style type=\"text\/css\"><!-- [et_pb_line_break_holder] -->        #mc_embed_signup{background:#fff; false;clear:left; font:14px Helvetica,Arial,sans-serif; width: 400px;}<!-- [et_pb_line_break_holder] -->        \/* Add your own Mailchimp form style overrides in your site stylesheet or in this style block.<!-- [et_pb_line_break_holder] -->           We recommend moving this block and the preceding CSS link to the HEAD of your HTML file. *\/<!-- [et_pb_line_break_holder] --><\/style>\n<p><!-- [et_pb_line_break_holder] --><\/p>\n<div id=\"mc_embed_signup\"><!-- [et_pb_line_break_holder] -->    <\/p>\n<form action=\"https:\/\/stareyesmusiceducation.us9.list-manage.com\/subscribe\/post?u=4f92141b0e579d3cd31e8043a&#038;id=c8c56d7d79&#038;f_id=001052e1f0\" method=\"post\" id=\"mc-embedded-subscribe-form\" name=\"mc-embedded-subscribe-form\" class=\"validate\" target=\"_blank\"><!-- [et_pb_line_break_holder] -->        <\/p>\n<div id=\"mc_embed_signup_scroll\">\n<h2>S&#8217;inscrire &#8211; Subscribe<\/h2>\n<p><!-- [et_pb_line_break_holder] -->            <\/p>\n<div class=\"indicates-required\"><span class=\"asterisk\">*<\/span> indicates required<\/div>\n<p><!-- [et_pb_line_break_holder] -->            <\/p>\n<div class=\"mc-field-group\"><label for=\"mce-EMAIL\">Adresse e-mail <span class=\"asterisk\">*<\/span><\/label><input type=\"email\" name=\"EMAIL\" class=\"required email\" id=\"mce-EMAIL\" required=\"\" value=\"\"><\/div>\n<p><!-- [et_pb_line_break_holder] -->        <\/p>\n<div id=\"mce-responses\" class=\"clear foot\"><!-- [et_pb_line_break_holder] -->            <\/p>\n<div class=\"response\" id=\"mce-error-response\" style=\"display: none;\"><\/div>\n<p><!-- [et_pb_line_break_holder] -->            <\/p>\n<div class=\"response\" id=\"mce-success-response\" style=\"display: none;\"><\/div>\n<p><!-- [et_pb_line_break_holder] -->        <\/div>\n<p><!-- [et_pb_line_break_holder] -->    <\/p>\n<div aria-hidden=\"true\" style=\"position: absolute; left: -5000px;\"><!-- [et_pb_line_break_holder] -->        \/* real people should not fill this in and expect good things &#8211; do not remove this or risk form bot signups *\/<!-- [et_pb_line_break_holder] -->        <input type=\"text\" name=\"b_4f92141b0e579d3cd31e8043a_c8c56d7d79\" tabindex=\"-1\" value=\"\"><!-- [et_pb_line_break_holder] -->    <\/div>\n<p><!-- [et_pb_line_break_holder] -->        <\/p>\n<div class=\"optionalParent\"><!-- [et_pb_line_break_holder] -->            <\/p>\n<div class=\"clear foot\"><!-- [et_pb_line_break_holder] -->                <input type=\"submit\" name=\"subscribe\" id=\"mc-embedded-subscribe\" class=\"button\" value=\"Subscribe\"><!-- [et_pb_line_break_holder] -->                <pee style=\"margin: 0px auto;\"><a href=\"http:\/\/eepurl.com\/i6kmsY\" title=\"Mailchimp - email marketing made easy and fun\"><span style=\"display: inline-block; background-color: transparent; border-radius: 4px;\"><img decoding=\"async\" class=\"refferal_badge\" src=\"https:\/\/digitalasset.intuit.com\/render\/content\/dam\/intuit\/mc-fe\/en_us\/images\/intuit-mc-rewards-text-dark.svg\" alt=\"Intuit Mailchimp\" style=\"width: 220px; height: 40px; display: flex; padding: 2px 0px; justify-content: center; align-items: center;\"><\/span><\/a><\/pee><!-- [et_pb_line_break_holder] -->            <\/div>\n<p><!-- [et_pb_line_break_holder] -->        <\/div>\n<p><!-- [et_pb_line_break_holder] -->    <\/div>\n<p><!-- [et_pb_line_break_holder] --><\/form>\n<p><!-- [et_pb_line_break_holder] --><\/div>\n<p><!-- [et_pb_line_break_holder] --><script type=\"text\/javascript\" src=\"\/\/s3.amazonaws.com\/downloads.mailchimp.com\/js\/mc-validate.js\"><\/script><script type=\"text\/javascript\">(function($) {window.fnames = new Array(); window.ftypes = new Array();fnames[0]='EMAIL';ftypes[0]='email';fnames[1]='FNAME';ftypes[1]='text';fnames[2]='LNAME';ftypes[2]='text';fnames[3]='ADDRESS';ftypes[3]='address';fnames[4]='PHONE';ftypes[4]='phone';fnames[5]='BIRTHDAY';ftypes[5]='birthday';fnames[6]='COMPANY';ftypes[6]='text';}(jQuery));var $mcj = jQuery.noConflict(true);<\/script><\/div>\n<p><!-- [et_pb_line_break_holder] -->[\/et_pb_code][\/et_pb_column][\/et_pb_row][\/et_pb_section]<\/p>\n","protected":false},"excerpt":{"rendered":"<p>Politique de confidentialit\u00e9Politique de confidentialit\u00e9Francoise-lombard.com(op\u00e9r\u00e9 par Les Productions Stareyes) Pourquoi cette politique?Parce que francoise-lombard.com, op\u00e9r\u00e9 par Les Productions Stareyes, s\u2019engage \u00e0 la protection de vos renseignements personnels dans le cadre de la relation que nous entretenons avec vous. Cette politique de confidentialit\u00e9 d\u00e9crit quels renseignements nous recueillons, comment, pourquoi et comment nous les partageons.Un \u00ab [&hellip;]<\/p>\n","protected":false},"author":3454,"featured_media":0,"parent":0,"menu_order":0,"comment_status":"closed","ping_status":"closed","template":"","meta":{"_et_pb_use_builder":"on","_et_pb_old_content":"","_et_gb_content_width":"","footnotes":""},"class_list":["post-360614","page","type-page","status-publish","hentry"],"_links":{"self":[{"href":"https:\/\/francoise-lombard.com\/en\/wp-json\/wp\/v2\/pages\/360614","targetHints":{"allow":["GET"]}}],"collection":[{"href":"https:\/\/francoise-lombard.com\/en\/wp-json\/wp\/v2\/pages"}],"about":[{"href":"https:\/\/francoise-lombard.com\/en\/wp-json\/wp\/v2\/types\/page"}],"author":[{"embeddable":true,"href":"https:\/\/francoise-lombard.com\/en\/wp-json\/wp\/v2\/users\/3454"}],"replies":[{"embeddable":true,"href":"https:\/\/francoise-lombard.com\/en\/wp-json\/wp\/v2\/comments?post=360614"}],"version-history":[{"count":8,"href":"https:\/\/francoise-lombard.com\/en\/wp-json\/wp\/v2\/pages\/360614\/revisions"}],"predecessor-version":[{"id":360715,"href":"https:\/\/francoise-lombard.com\/en\/wp-json\/wp\/v2\/pages\/360614\/revisions\/360715"}],"wp:attachment":[{"href":"https:\/\/francoise-lombard.com\/en\/wp-json\/wp\/v2\/media?parent=360614"}],"curies":[{"name":"wp","href":"https:\/\/api.w.org\/{rel}","templated":true}]}}